{"id":823,"date":"2017-05-07T23:17:47","date_gmt":"2017-05-07T21:17:47","guid":{"rendered":"http:\/\/viertuerme.de\/?page_id=823"},"modified":"2017-11-29T23:26:54","modified_gmt":"2017-11-29T21:26:54","slug":"07-mai_2017","status":"publish","type":"page","link":"http:\/\/viertuerme.de\/?page_id=823","title":{"rendered":"07. Mai_2017"},"content":{"rendered":"<p>Sch\u00f6n, wieder hier zu sein!<br \/>\nEin pr\u00e4chtiger Fr\u00fchlingsabend:<\/p>\n<p><img loading=\"lazy\" decoding=\"async\" class=\"size-full wp-image-821 alignnone\" src=\"http:\/\/viertuerme.de\/wp-content\/uploads\/immanuel-1.jpg\" alt=\"\" width=\"523\" height=\"801\" srcset=\"http:\/\/viertuerme.de\/wp-content\/uploads\/immanuel-1.jpg 523w, http:\/\/viertuerme.de\/wp-content\/uploads\/immanuel-1-196x300.jpg 196w\" sizes=\"auto, (max-width: 523px) 100vw, 523px\" \/><\/p>\n<p><a href=\"http:\/\/viertuerme.de\/wp-content\/uploads\/02_2017-Programm_Immanuel.pdf\" target=\"_blank\" rel=\"noopener noreferrer\">-&gt; Zum Programm<\/a><\/p>\n<p><img loading=\"lazy\" decoding=\"async\" class=\"size-full wp-image-822 alignnone\" src=\"http:\/\/viertuerme.de\/wp-content\/uploads\/immanuel-2.jpg\" alt=\"\" width=\"600\" height=\"400\" srcset=\"http:\/\/viertuerme.de\/wp-content\/uploads\/immanuel-2.jpg 600w, http:\/\/viertuerme.de\/wp-content\/uploads\/immanuel-2-300x200.jpg 300w, http:\/\/viertuerme.de\/wp-content\/uploads\/immanuel-2-450x300.jpg 450w\" sizes=\"auto, (max-width: 600px) 100vw, 600px\" \/><\/p>\n<p>&nbsp;<br \/>\n[audio:http:\/\/viertuerme.de\/wp-content\/uploads\/02_17_Immanuel.mp3]<br \/>\n[DISPLAY_ULTIMATE_PLUS]<br \/>\n<img loading=\"lazy\" decoding=\"async\" class=\"alignleft size-full wp-image-820\" src=\"http:\/\/viertuerme.de\/wp-content\/uploads\/immanuel-3.jpg\" alt=\"\" width=\"600\" height=\"400\" srcset=\"http:\/\/viertuerme.de\/wp-content\/uploads\/immanuel-3.jpg 600w, http:\/\/viertuerme.de\/wp-content\/uploads\/immanuel-3-300x200.jpg 300w, http:\/\/viertuerme.de\/wp-content\/uploads\/immanuel-3-450x300.jpg 450w\" sizes=\"auto, (max-width: 600px) 100vw, 600px\" \/><\/p>\n","protected":false},"excerpt":{"rendered":"<p>Sch\u00f6n, wieder hier zu sein! Ein pr\u00e4chtiger Fr\u00fchlingsabend: -&gt; Zum Programm &nbsp; [audio:http:\/\/viertuerme.de\/wp-content\/uploads\/02_17_Immanuel.mp3] [DISPLAY_ULTIMATE_PLUS]<\/p>\n","protected":false},"author":3,"featured_media":0,"parent":933,"menu_order":0,"comment_status":"closed","ping_status":"closed","template":"","meta":{"footnotes":""},"class_list":["post-823","page","type-page","status-publish","hentry"],"_links":{"self":[{"href":"http:\/\/viertuerme.de\/index.php?rest_route=\/wp\/v2\/pages\/823","targetHints":{"allow":["GET"]}}],"collection":[{"href":"http:\/\/viertuerme.de\/index.php?rest_route=\/wp\/v2\/pages"}],"about":[{"href":"http:\/\/viertuerme.de\/index.php?rest_route=\/wp\/v2\/types\/page"}],"author":[{"embeddable":true,"href":"http:\/\/viertuerme.de\/index.php?rest_route=\/wp\/v2\/users\/3"}],"replies":[{"embeddable":true,"href":"http:\/\/viertuerme.de\/index.php?rest_route=%2Fwp%2Fv2%2Fcomments&post=823"}],"version-history":[{"count":2,"href":"http:\/\/viertuerme.de\/index.php?rest_route=\/wp\/v2\/pages\/823\/revisions"}],"predecessor-version":[{"id":829,"href":"http:\/\/viertuerme.de\/index.php?rest_route=\/wp\/v2\/pages\/823\/revisions\/829"}],"up":[{"embeddable":true,"href":"http:\/\/viertuerme.de\/index.php?rest_route=\/wp\/v2\/pages\/933"}],"wp:attachment":[{"href":"http:\/\/viertuerme.de\/index.php?rest_route=%2Fwp%2Fv2%2Fmedia&parent=823"}],"curies":[{"name":"wp","href":"https:\/\/api.w.org\/{rel}","templated":true}]}}