{"id":600,"date":"2016-05-22T23:50:07","date_gmt":"2016-05-22T21:50:07","guid":{"rendered":"http:\/\/viertuerme.de\/?page_id=600"},"modified":"2016-12-05T11:25:07","modified_gmt":"2016-12-05T09:25:07","slug":"22-mai-16","status":"publish","type":"page","link":"http:\/\/viertuerme.de\/?page_id=600","title":{"rendered":"22. Mai &#8217;16"},"content":{"rendered":"<p>Trotz str\u00f6menden Regens kamen 50 tapfere Wuppertalerinnen und Wuppertaler nach Elberfeld. Unser Publikum ist gro\u00dfartig!<\/p>\n<p><img loading=\"lazy\" decoding=\"async\" class=\"alignleft size-full wp-image-633\" src=\"http:\/\/viertuerme.de\/wp-content\/uploads\/05-Turm.jpg\" alt=\"05-Turm\" width=\"423\" height=\"800\" srcset=\"http:\/\/viertuerme.de\/wp-content\/uploads\/05-Turm.jpg 423w, http:\/\/viertuerme.de\/wp-content\/uploads\/05-Turm-159x300.jpg 159w\" sizes=\"auto, (max-width: 423px) 100vw, 423px\" \/><\/p>\n<p><a href=\"http:\/\/viertuerme.de\/wp-content\/uploads\/05-CityKirche-2016-Programm_web.pdf\" target=\"_blank\"><img loading=\"lazy\" decoding=\"async\" class=\"size-full wp-image-612 alignnone\" src=\"http:\/\/viertuerme.de\/wp-content\/uploads\/05-programm.jpg\" alt=\"05-programm\" width=\"300\" height=\"232\" \/><\/a><\/p>\n<p><a href=\"http:\/\/viertuerme.de\/wp-content\/uploads\/05-CityKirche-2016-Programm_web.pdf\" target=\"_blank\">-&gt; zum Programmheft<\/a><\/p>\n<p><img loading=\"lazy\" decoding=\"async\" class=\"alignleft wp-image-631 size-full\" src=\"http:\/\/viertuerme.de\/wp-content\/uploads\/05-panorama.jpg\" alt=\"05-panorama\" width=\"1000\" height=\"272\" srcset=\"http:\/\/viertuerme.de\/wp-content\/uploads\/05-panorama.jpg 1000w, http:\/\/viertuerme.de\/wp-content\/uploads\/05-panorama-300x82.jpg 300w, http:\/\/viertuerme.de\/wp-content\/uploads\/05-panorama-768x209.jpg 768w, http:\/\/viertuerme.de\/wp-content\/uploads\/05-panorama-500x136.jpg 500w\" sizes=\"auto, (max-width: 1000px) 100vw, 1000px\" \/><br \/>\nZum Nachh\u00f6ren ein kleiner Mitschnitt:<\/p>\n[audio:http:\/\/viertuerme.de\/wp-content\/uploads\/05-CityKirche-live2016.mp3|titles=2016 CityKirche &#8211; Sicher Ist Sicher]\n<p>Gastmusiker Harald Eller<\/p>\n<p><img loading=\"lazy\" decoding=\"async\" class=\"wp-image-630 size-full alignnone\" src=\"http:\/\/viertuerme.de\/wp-content\/uploads\/05-musiker.jpg\" alt=\"05-musiker\" width=\"800\" height=\"699\" srcset=\"http:\/\/viertuerme.de\/wp-content\/uploads\/05-musiker.jpg 800w, http:\/\/viertuerme.de\/wp-content\/uploads\/05-musiker-300x262.jpg 300w, http:\/\/viertuerme.de\/wp-content\/uploads\/05-musiker-768x671.jpg 768w, http:\/\/viertuerme.de\/wp-content\/uploads\/05-musiker-343x300.jpg 343w\" sizes=\"auto, (max-width: 800px) 100vw, 800px\" \/><\/p>\n<p>Selbst die Scheinwerfer wollten einen Regenschirm:<\/p>\n<p><img loading=\"lazy\" decoding=\"async\" class=\"alignleft size-full wp-image-632\" src=\"http:\/\/viertuerme.de\/wp-content\/uploads\/05-Regen.jpg\" alt=\"05-Regen\" width=\"800\" height=\"534\" srcset=\"http:\/\/viertuerme.de\/wp-content\/uploads\/05-Regen.jpg 800w, http:\/\/viertuerme.de\/wp-content\/uploads\/05-Regen-300x200.jpg 300w, http:\/\/viertuerme.de\/wp-content\/uploads\/05-Regen-768x513.jpg 768w, http:\/\/viertuerme.de\/wp-content\/uploads\/05-Regen-449x300.jpg 449w\" sizes=\"auto, (max-width: 800px) 100vw, 800px\" \/><\/p>\n","protected":false},"excerpt":{"rendered":"<p>Trotz str\u00f6menden Regens kamen 50 tapfere Wuppertalerinnen und Wuppertaler nach Elberfeld. Unser Publikum ist gro\u00dfartig! -&gt; zum Programmheft Zum Nachh\u00f6ren ein kleiner Mitschnitt: [audio:http:\/\/viertuerme.de\/wp-content\/uploads\/05-CityKirche-live2016.mp3|titles=2016 CityKirche &#8211; Sicher Ist Sicher] Gastmusiker Harald Eller Selbst die Scheinwerfer wollten einen Regenschirm:<\/p>\n","protected":false},"author":3,"featured_media":0,"parent":725,"menu_order":4,"comment_status":"closed","ping_status":"closed","template":"","meta":{"footnotes":""},"class_list":["post-600","page","type-page","status-publish","hentry"],"_links":{"self":[{"href":"http:\/\/viertuerme.de\/index.php?rest_route=\/wp\/v2\/pages\/600","targetHints":{"allow":["GET"]}}],"collection":[{"href":"http:\/\/viertuerme.de\/index.php?rest_route=\/wp\/v2\/pages"}],"about":[{"href":"http:\/\/viertuerme.de\/index.php?rest_route=\/wp\/v2\/types\/page"}],"author":[{"embeddable":true,"href":"http:\/\/viertuerme.de\/index.php?rest_route=\/wp\/v2\/users\/3"}],"replies":[{"embeddable":true,"href":"http:\/\/viertuerme.de\/index.php?rest_route=%2Fwp%2Fv2%2Fcomments&post=600"}],"version-history":[{"count":6,"href":"http:\/\/viertuerme.de\/index.php?rest_route=\/wp\/v2\/pages\/600\/revisions"}],"predecessor-version":[{"id":639,"href":"http:\/\/viertuerme.de\/index.php?rest_route=\/wp\/v2\/pages\/600\/revisions\/639"}],"up":[{"embeddable":true,"href":"http:\/\/viertuerme.de\/index.php?rest_route=\/wp\/v2\/pages\/725"}],"wp:attachment":[{"href":"http:\/\/viertuerme.de\/index.php?rest_route=%2Fwp%2Fv2%2Fmedia&parent=600"}],"curies":[{"name":"wp","href":"https:\/\/api.w.org\/{rel}","templated":true}]}}