{"id":592,"date":"2016-05-21T12:35:17","date_gmt":"2016-05-21T10:35:17","guid":{"rendered":"http:\/\/viertuerme.de\/?page_id=592"},"modified":"2016-12-05T11:24:58","modified_gmt":"2016-12-05T09:24:58","slug":"20-mai-16","status":"publish","type":"page","link":"http:\/\/viertuerme.de\/?page_id=592","title":{"rendered":"20. Mai &#8217;16"},"content":{"rendered":"<p>Premiere auf Schlo\u00df Homburg:<br \/>\nTrotz Regens fanden sich 45 G\u00e4ste ein, die mit einer trockenen Vorstellung belohnt wurden.<br \/>\nEin zauberhafter Ort mit gro\u00dfartiger Akustik und sehr herzlicher Aufnahme.<br \/>\nWir wollen wiederkommen!<\/p>\n<p><img loading=\"lazy\" decoding=\"async\" class=\"size-full wp-image-617 aligncenter\" src=\"http:\/\/viertuerme.de\/wp-content\/uploads\/04Turm.jpg\" alt=\"04Turm\" width=\"419\" height=\"800\" srcset=\"http:\/\/viertuerme.de\/wp-content\/uploads\/04Turm.jpg 419w, http:\/\/viertuerme.de\/wp-content\/uploads\/04Turm-157x300.jpg 157w\" sizes=\"auto, (max-width: 419px) 100vw, 419px\" \/><\/p>\n<p><a href=\"http:\/\/viertuerme.de\/wp-content\/uploads\/04-Schloss-Homburg-2016-Programm_web.pdf\" target=\"_blank\"><img loading=\"lazy\" decoding=\"async\" class=\"alignnone wp-image-610 size-full\" src=\"http:\/\/viertuerme.de\/wp-content\/uploads\/04-programm.jpg\" alt=\"04-programm\" width=\"300\" height=\"200\" \/><\/a><\/p>\n<p><a href=\"http:\/\/viertuerme.de\/wp-content\/uploads\/04-Schloss-Homburg-2016-Programm_web.pdf\" target=\"_blank\">\u00a0 -&gt; zum Programmheft<\/a><\/p>\n<p><img loading=\"lazy\" decoding=\"async\" class=\"alignleft size-full wp-image-616\" src=\"http:\/\/viertuerme.de\/wp-content\/uploads\/04_panorama.jpg\" alt=\"04_panorama\" width=\"800\" height=\"262\" srcset=\"http:\/\/viertuerme.de\/wp-content\/uploads\/04_panorama.jpg 800w, http:\/\/viertuerme.de\/wp-content\/uploads\/04_panorama-300x98.jpg 300w, http:\/\/viertuerme.de\/wp-content\/uploads\/04_panorama-768x252.jpg 768w, http:\/\/viertuerme.de\/wp-content\/uploads\/04_panorama-500x164.jpg 500w\" sizes=\"auto, (max-width: 800px) 100vw, 800px\" \/><\/p>\n<p>Zum Nachh\u00f6ren ein kleiner Mitschnitt:<\/p>\n[audio:http:\/\/viertuerme.de\/wp-content\/uploads\/04-schloss-homburg-live.mp3|title=2016 schloss homburg live]\n<p>Gastmusiker Martin Zobel<\/p>\n<p><img loading=\"lazy\" decoding=\"async\" class=\"alignleft size-full wp-image-615\" src=\"http:\/\/viertuerme.de\/wp-content\/uploads\/04_Musiker.jpg\" alt=\"04_Musiker\" width=\"800\" height=\"534\" srcset=\"http:\/\/viertuerme.de\/wp-content\/uploads\/04_Musiker.jpg 800w, http:\/\/viertuerme.de\/wp-content\/uploads\/04_Musiker-300x200.jpg 300w, http:\/\/viertuerme.de\/wp-content\/uploads\/04_Musiker-768x513.jpg 768w, http:\/\/viertuerme.de\/wp-content\/uploads\/04_Musiker-449x300.jpg 449w\" sizes=\"auto, (max-width: 800px) 100vw, 800px\" \/><\/p>\n<p>&nbsp;<\/p>\n","protected":false},"excerpt":{"rendered":"<p>Premiere auf Schlo\u00df Homburg: Trotz Regens fanden sich 45 G\u00e4ste ein, die mit einer trockenen Vorstellung belohnt wurden. Ein zauberhafter Ort mit gro\u00dfartiger Akustik und sehr herzlicher Aufnahme. Wir wollen wiederkommen! \u00a0 -&gt; zum Programmheft Zum Nachh\u00f6ren ein kleiner Mitschnitt: &hellip; <a href=\"http:\/\/viertuerme.de\/?page_id=592\">Weiterlesen <span class=\"meta-nav\">&rarr;<\/span><\/a><\/p>\n","protected":false},"author":3,"featured_media":0,"parent":725,"menu_order":3,"comment_status":"closed","ping_status":"closed","template":"","meta":{"footnotes":""},"class_list":["post-592","page","type-page","status-publish","hentry"],"_links":{"self":[{"href":"http:\/\/viertuerme.de\/index.php?rest_route=\/wp\/v2\/pages\/592","targetHints":{"allow":["GET"]}}],"collection":[{"href":"http:\/\/viertuerme.de\/index.php?rest_route=\/wp\/v2\/pages"}],"about":[{"href":"http:\/\/viertuerme.de\/index.php?rest_route=\/wp\/v2\/types\/page"}],"author":[{"embeddable":true,"href":"http:\/\/viertuerme.de\/index.php?rest_route=\/wp\/v2\/users\/3"}],"replies":[{"embeddable":true,"href":"http:\/\/viertuerme.de\/index.php?rest_route=%2Fwp%2Fv2%2Fcomments&post=592"}],"version-history":[{"count":15,"href":"http:\/\/viertuerme.de\/index.php?rest_route=\/wp\/v2\/pages\/592\/revisions"}],"predecessor-version":[{"id":667,"href":"http:\/\/viertuerme.de\/index.php?rest_route=\/wp\/v2\/pages\/592\/revisions\/667"}],"up":[{"embeddable":true,"href":"http:\/\/viertuerme.de\/index.php?rest_route=\/wp\/v2\/pages\/725"}],"wp:attachment":[{"href":"http:\/\/viertuerme.de\/index.php?rest_route=%2Fwp%2Fv2%2Fmedia&parent=592"}],"curies":[{"name":"wp","href":"https:\/\/api.w.org\/{rel}","templated":true}]}}