{"id":555,"date":"2016-05-08T23:31:13","date_gmt":"2016-05-08T21:31:13","guid":{"rendered":"http:\/\/viertuerme.de\/?page_id=555"},"modified":"2019-04-04T17:18:53","modified_gmt":"2019-04-04T15:18:53","slug":"08-mai-16","status":"publish","type":"page","link":"http:\/\/viertuerme.de\/?page_id=555","title":{"rendered":"08. Mai &#8217;16"},"content":{"rendered":"<p>L\u00fcttringhausen begeistert mit seiner Gastfreundschaft (wiedermal):<br \/>\nWunderbarer Fr\u00fchsommerabend mit 40 G\u00e4sten.<\/p>\n<p><img loading=\"lazy\" decoding=\"async\" class=\"size-full wp-image-565 aligncenter\" src=\"http:\/\/viertuerme.de\/wp-content\/uploads\/02-Turm-hlkr.jpg\" alt=\"02-Turm-hlkr\" width=\"457\" height=\"800\" srcset=\"http:\/\/viertuerme.de\/wp-content\/uploads\/02-Turm-hlkr.jpg 457w, http:\/\/viertuerme.de\/wp-content\/uploads\/02-Turm-hlkr-171x300.jpg 171w\" sizes=\"auto, (max-width: 457px) 100vw, 457px\" \/><\/p>\n<p style=\"text-align: center;\"><a href=\"http:\/\/viertuerme.de\/wp-content\/uploads\/02-Hl-Kreuz-2016-Programm_web.pdf\" target=\"_blank\" rel=\"noopener noreferrer\"><img loading=\"lazy\" decoding=\"async\" class=\"wp-image-561 size-full aligncenter\" src=\"http:\/\/viertuerme.de\/wp-content\/uploads\/02-programm_16.jpg\" alt=\"02-programm_16\" width=\"300\" height=\"209\" \/><\/a><a href=\"http:\/\/viertuerme.de\/wp-content\/uploads\/02-Hl-Kreuz-2016-Programm_web.pdf\" target=\"_blank\" rel=\"noopener noreferrer\"><br \/>\n-&gt; zum Programmheft<\/a><\/p>\n<p><img loading=\"lazy\" decoding=\"async\" class=\"alignleft size-full wp-image-564\" src=\"http:\/\/viertuerme.de\/wp-content\/uploads\/02_panorama.jpg\" alt=\"02_panorama\" width=\"800\" height=\"430\" srcset=\"http:\/\/viertuerme.de\/wp-content\/uploads\/02_panorama.jpg 800w, http:\/\/viertuerme.de\/wp-content\/uploads\/02_panorama-300x161.jpg 300w, http:\/\/viertuerme.de\/wp-content\/uploads\/02_panorama-768x413.jpg 768w, http:\/\/viertuerme.de\/wp-content\/uploads\/02_panorama-500x269.jpg 500w\" sizes=\"auto, (max-width: 800px) 100vw, 800px\" \/><\/p>\n<p>Zum Nachh\u00f6ren ein kleiner Mitschnitt:<\/p>\n<audio class=\"wp-audio-shortcode\" id=\"audio-555-1\" preload=\"auto\" style=\"width: 100%;\" controls=\"controls\"><source type=\"audio\/mpeg\" src=\"http:\/\/viertuerme.de\/wp-content\/uploads\/live-heilig-kreuz.mp3?_=1\" \/><a href=\"http:\/\/viertuerme.de\/wp-content\/uploads\/live-heilig-kreuz.mp3\">http:\/\/viertuerme.de\/wp-content\/uploads\/live-heilig-kreuz.mp3<\/a><\/audio>\n<p>Gastmusikerin Ute V\u00f6lker<img loading=\"lazy\" decoding=\"async\" class=\"alignleft size-full wp-image-563\" src=\"http:\/\/viertuerme.de\/wp-content\/uploads\/02_Musiker.jpg\" alt=\"02_Musiker\" width=\"800\" height=\"534\" srcset=\"http:\/\/viertuerme.de\/wp-content\/uploads\/02_Musiker.jpg 800w, http:\/\/viertuerme.de\/wp-content\/uploads\/02_Musiker-300x200.jpg 300w, http:\/\/viertuerme.de\/wp-content\/uploads\/02_Musiker-768x513.jpg 768w, http:\/\/viertuerme.de\/wp-content\/uploads\/02_Musiker-449x300.jpg 449w\" sizes=\"auto, (max-width: 800px) 100vw, 800px\" \/><\/p>\n","protected":false},"excerpt":{"rendered":"<p>L\u00fcttringhausen begeistert mit seiner Gastfreundschaft (wiedermal): Wunderbarer Fr\u00fchsommerabend mit 40 G\u00e4sten. -&gt; zum Programmheft Zum Nachh\u00f6ren ein kleiner Mitschnitt: Gastmusikerin Ute V\u00f6lker<\/p>\n","protected":false},"author":3,"featured_media":0,"parent":725,"menu_order":1,"comment_status":"closed","ping_status":"closed","template":"","meta":{"footnotes":""},"class_list":["post-555","page","type-page","status-publish","hentry"],"_links":{"self":[{"href":"http:\/\/viertuerme.de\/index.php?rest_route=\/wp\/v2\/pages\/555","targetHints":{"allow":["GET"]}}],"collection":[{"href":"http:\/\/viertuerme.de\/index.php?rest_route=\/wp\/v2\/pages"}],"about":[{"href":"http:\/\/viertuerme.de\/index.php?rest_route=\/wp\/v2\/types\/page"}],"author":[{"embeddable":true,"href":"http:\/\/viertuerme.de\/index.php?rest_route=\/wp\/v2\/users\/3"}],"replies":[{"embeddable":true,"href":"http:\/\/viertuerme.de\/index.php?rest_route=%2Fwp%2Fv2%2Fcomments&post=555"}],"version-history":[{"count":9,"href":"http:\/\/viertuerme.de\/index.php?rest_route=\/wp\/v2\/pages\/555\/revisions"}],"predecessor-version":[{"id":1036,"href":"http:\/\/viertuerme.de\/index.php?rest_route=\/wp\/v2\/pages\/555\/revisions\/1036"}],"up":[{"embeddable":true,"href":"http:\/\/viertuerme.de\/index.php?rest_route=\/wp\/v2\/pages\/725"}],"wp:attachment":[{"href":"http:\/\/viertuerme.de\/index.php?rest_route=%2Fwp%2Fv2%2Fmedia&parent=555"}],"curies":[{"name":"wp","href":"https:\/\/api.w.org\/{rel}","templated":true}]}}