{"id":398,"date":"2015-05-25T12:38:36","date_gmt":"2015-05-25T10:38:36","guid":{"rendered":"http:\/\/viertuerme.de\/?page_id=398"},"modified":"2015-11-25T10:01:49","modified_gmt":"2015-11-25T08:01:49","slug":"24-mai-15","status":"publish","type":"page","link":"http:\/\/viertuerme.de\/?page_id=398","title":{"rendered":"24. Mai &#8217;15"},"content":{"rendered":"<p><strong>Der Schlu\u00dfturm<\/strong><\/p>\n<p><img loading=\"lazy\" decoding=\"async\" class=\" wp-image-405 alignright\" src=\"http:\/\/viertuerme.de\/wp-content\/uploads\/mariae41.jpg\" alt=\"mariae4\" width=\"334\" height=\"500\" srcset=\"http:\/\/viertuerme.de\/wp-content\/uploads\/mariae41.jpg 534w, http:\/\/viertuerme.de\/wp-content\/uploads\/mariae41-200x300.jpg 200w\" sizes=\"auto, (max-width: 334px) 100vw, 334px\" \/><\/p>\n<p>\u00dcber 90 Menschen kamen nach einem Sonnentag zum Abschlu\u00df der diesj\u00e4hrigen Literaturperformance.<\/p>\n<p>DANKE!<\/p>\n<p>&nbsp;<\/p>\n[audio:http:\/\/viertuerme.de\/wp-content\/uploads\/Mariae2015_live.mp3|titles=2015 St.Mariae Empf. &#8211; VOM FREMDSEIN]\n<p>Hier ein kleiner Ausschnitt f\u00fcr die Ohren<\/p>\n<p><img loading=\"lazy\" decoding=\"async\" class=\" size-full wp-image-406 alignnone\" src=\"http:\/\/viertuerme.de\/wp-content\/uploads\/mariae31.jpg\" alt=\"mariae3\" width=\"500\" height=\"349\" srcset=\"http:\/\/viertuerme.de\/wp-content\/uploads\/mariae31.jpg 500w, http:\/\/viertuerme.de\/wp-content\/uploads\/mariae31-300x209.jpg 300w, http:\/\/viertuerme.de\/wp-content\/uploads\/mariae31-430x300.jpg 430w\" sizes=\"auto, (max-width: 500px) 100vw, 500px\" \/><\/p>\n<p><a href=\"http:\/\/viertuerme.de\/wp-content\/uploads\/Programm-Mariae-2015.pdf\" target=\"_blank\"><img loading=\"lazy\" decoding=\"async\" class=\"alignleft size-full wp-image-401\" src=\"http:\/\/viertuerme.de\/wp-content\/uploads\/mariae_programm.jpg\" alt=\"mariae_programm\" width=\"115\" height=\"200\" \/><\/a><\/p>\n<p>&nbsp;<\/p>\n<p>&nbsp;<\/p>\n<p><a href=\"http:\/\/viertuerme.de\/wp-content\/uploads\/Programm-Mariae-2015.pdf\" target=\"_blank\">-&gt; Das Programm zum download als .pdf<\/a><\/p>\n<p><img loading=\"lazy\" decoding=\"async\" class=\"alignleft size-full wp-image-407\" src=\"http:\/\/viertuerme.de\/wp-content\/uploads\/mariae11.jpg\" alt=\"mariae1\" width=\"800\" height=\"511\" srcset=\"http:\/\/viertuerme.de\/wp-content\/uploads\/mariae11.jpg 800w, http:\/\/viertuerme.de\/wp-content\/uploads\/mariae11-300x192.jpg 300w, http:\/\/viertuerme.de\/wp-content\/uploads\/mariae11-470x300.jpg 470w\" sizes=\"auto, (max-width: 800px) 100vw, 800px\" \/><\/p>\n","protected":false},"excerpt":{"rendered":"<p>Der Schlu\u00dfturm \u00dcber 90 Menschen kamen nach einem Sonnentag zum Abschlu\u00df der diesj\u00e4hrigen Literaturperformance. DANKE! &nbsp; [audio:http:\/\/viertuerme.de\/wp-content\/uploads\/Mariae2015_live.mp3|titles=2015 St.Mariae Empf. &#8211; VOM FREMDSEIN] Hier ein kleiner Ausschnitt f\u00fcr die Ohren &nbsp; &nbsp; -&gt; Das Programm zum download als .pdf<\/p>\n","protected":false},"author":3,"featured_media":0,"parent":465,"menu_order":0,"comment_status":"closed","ping_status":"closed","template":"","meta":{"footnotes":""},"class_list":["post-398","page","type-page","status-publish","hentry"],"_links":{"self":[{"href":"http:\/\/viertuerme.de\/index.php?rest_route=\/wp\/v2\/pages\/398","targetHints":{"allow":["GET"]}}],"collection":[{"href":"http:\/\/viertuerme.de\/index.php?rest_route=\/wp\/v2\/pages"}],"about":[{"href":"http:\/\/viertuerme.de\/index.php?rest_route=\/wp\/v2\/types\/page"}],"author":[{"embeddable":true,"href":"http:\/\/viertuerme.de\/index.php?rest_route=\/wp\/v2\/users\/3"}],"replies":[{"embeddable":true,"href":"http:\/\/viertuerme.de\/index.php?rest_route=%2Fwp%2Fv2%2Fcomments&post=398"}],"version-history":[{"count":7,"href":"http:\/\/viertuerme.de\/index.php?rest_route=\/wp\/v2\/pages\/398\/revisions"}],"predecessor-version":[{"id":413,"href":"http:\/\/viertuerme.de\/index.php?rest_route=\/wp\/v2\/pages\/398\/revisions\/413"}],"up":[{"embeddable":true,"href":"http:\/\/viertuerme.de\/index.php?rest_route=\/wp\/v2\/pages\/465"}],"wp:attachment":[{"href":"http:\/\/viertuerme.de\/index.php?rest_route=%2Fwp%2Fv2%2Fmedia&parent=398"}],"curies":[{"name":"wp","href":"https:\/\/api.w.org\/{rel}","templated":true}]}}