{"id":373,"date":"2015-05-18T00:32:07","date_gmt":"2015-05-17T22:32:07","guid":{"rendered":"http:\/\/viertuerme.de\/?page_id=373"},"modified":"2015-11-25T10:01:42","modified_gmt":"2015-11-25T08:01:42","slug":"17-mai-15","status":"publish","type":"page","link":"http:\/\/viertuerme.de\/?page_id=373","title":{"rendered":"17. Mai &#8217;15"},"content":{"rendered":"<p>Ein weiterer eindrucksvoller Sonnenuntergang. Rund 110 <em>Pilger kannten ihr Ziel<\/em>:<br \/>\nDie evangelische Citykirche in Elberfeld.<br \/>\n<img loading=\"lazy\" decoding=\"async\" class=\" size-full wp-image-384 alignnone\" src=\"http:\/\/viertuerme.de\/wp-content\/uploads\/city1.jpg\" alt=\"city1\" width=\"500\" height=\"341\" srcset=\"http:\/\/viertuerme.de\/wp-content\/uploads\/city1.jpg 500w, http:\/\/viertuerme.de\/wp-content\/uploads\/city1-300x205.jpg 300w, http:\/\/viertuerme.de\/wp-content\/uploads\/city1-440x300.jpg 440w\" sizes=\"auto, (max-width: 500px) 100vw, 500px\" \/><\/p>\n<p>Ein Ausschnitt der live Performance:<\/p>\n[audio:http:\/\/viertuerme.de\/wp-content\/uploads\/CityKirche2015.mp3|titles=2015 Citykirche &#8211; VOM FREMDSEIN]\n<p><img loading=\"lazy\" decoding=\"async\" class=\" size-full wp-image-385 alignnone\" src=\"http:\/\/viertuerme.de\/wp-content\/uploads\/city2.jpg\" alt=\"city2\" width=\"500\" height=\"334\" srcset=\"http:\/\/viertuerme.de\/wp-content\/uploads\/city2.jpg 500w, http:\/\/viertuerme.de\/wp-content\/uploads\/city2-300x200.jpg 300w, http:\/\/viertuerme.de\/wp-content\/uploads\/city2-449x300.jpg 449w\" sizes=\"auto, (max-width: 500px) 100vw, 500px\" \/><\/p>\n<p><a href=\"http:\/\/viertuerme.de\/wp-content\/uploads\/Programm-CityKirche-2015.pdf\" target=\"_blank\"><img loading=\"lazy\" decoding=\"async\" class=\"alignleft wp-image-374\" src=\"http:\/\/viertuerme.de\/wp-content\/uploads\/city-programm.jpg\" alt=\"city-programm\" width=\"134\" height=\"200\" srcset=\"http:\/\/viertuerme.de\/wp-content\/uploads\/city-programm.jpg 334w, http:\/\/viertuerme.de\/wp-content\/uploads\/city-programm-200x300.jpg 200w\" sizes=\"auto, (max-width: 134px) 100vw, 134px\" \/><\/a><\/p>\n<p><a href=\"http:\/\/viertuerme.de\/wp-content\/uploads\/Programm-CityKirche-2015.pdf\" target=\"_blank\">-&gt;Das Programmheft als pdf zum download<\/a><br \/>\n<img loading=\"lazy\" decoding=\"async\" class=\" size-full wp-image-382 alignnone\" src=\"http:\/\/viertuerme.de\/wp-content\/uploads\/city4.jpg\" alt=\"city4\" width=\"337\" height=\"500\" srcset=\"http:\/\/viertuerme.de\/wp-content\/uploads\/city4.jpg 337w, http:\/\/viertuerme.de\/wp-content\/uploads\/city4-202x300.jpg 202w\" sizes=\"auto, (max-width: 337px) 100vw, 337px\" \/><\/p>\n<p>Und: Vielen Dank f\u00fcr das Zur\u00fccktragen der St\u00fchle!<img loading=\"lazy\" decoding=\"async\" class=\" size-full wp-image-383 alignnone\" src=\"http:\/\/viertuerme.de\/wp-content\/uploads\/city5.jpg\" alt=\"city5\" width=\"500\" height=\"205\" srcset=\"http:\/\/viertuerme.de\/wp-content\/uploads\/city5.jpg 500w, http:\/\/viertuerme.de\/wp-content\/uploads\/city5-300x123.jpg 300w\" sizes=\"auto, (max-width: 500px) 100vw, 500px\" \/><br \/>\nViele H\u00e4nde<br \/>\nSchnelles Ende<\/p>\n","protected":false},"excerpt":{"rendered":"<p>Ein weiterer eindrucksvoller Sonnenuntergang. Rund 110 Pilger kannten ihr Ziel: Die evangelische Citykirche in Elberfeld. Ein Ausschnitt der live Performance: [audio:http:\/\/viertuerme.de\/wp-content\/uploads\/CityKirche2015.mp3|titles=2015 Citykirche &#8211; VOM FREMDSEIN] -&gt;Das Programmheft als pdf zum download Und: Vielen Dank f\u00fcr das Zur\u00fccktragen der St\u00fchle! Viele &hellip; <a href=\"http:\/\/viertuerme.de\/?page_id=373\">Weiterlesen <span class=\"meta-nav\">&rarr;<\/span><\/a><\/p>\n","protected":false},"author":3,"featured_media":0,"parent":465,"menu_order":0,"comment_status":"closed","ping_status":"closed","template":"","meta":{"footnotes":""},"class_list":["post-373","page","type-page","status-publish","hentry"],"_links":{"self":[{"href":"http:\/\/viertuerme.de\/index.php?rest_route=\/wp\/v2\/pages\/373","targetHints":{"allow":["GET"]}}],"collection":[{"href":"http:\/\/viertuerme.de\/index.php?rest_route=\/wp\/v2\/pages"}],"about":[{"href":"http:\/\/viertuerme.de\/index.php?rest_route=\/wp\/v2\/types\/page"}],"author":[{"embeddable":true,"href":"http:\/\/viertuerme.de\/index.php?rest_route=\/wp\/v2\/users\/3"}],"replies":[{"embeddable":true,"href":"http:\/\/viertuerme.de\/index.php?rest_route=%2Fwp%2Fv2%2Fcomments&post=373"}],"version-history":[{"count":6,"href":"http:\/\/viertuerme.de\/index.php?rest_route=\/wp\/v2\/pages\/373\/revisions"}],"predecessor-version":[{"id":388,"href":"http:\/\/viertuerme.de\/index.php?rest_route=\/wp\/v2\/pages\/373\/revisions\/388"}],"up":[{"embeddable":true,"href":"http:\/\/viertuerme.de\/index.php?rest_route=\/wp\/v2\/pages\/465"}],"wp:attachment":[{"href":"http:\/\/viertuerme.de\/index.php?rest_route=%2Fwp%2Fv2%2Fmedia&parent=373"}],"curies":[{"name":"wp","href":"https:\/\/api.w.org\/{rel}","templated":true}]}}