{"id":19,"date":"2013-04-10T07:40:37","date_gmt":"2013-04-10T07:40:37","guid":{"rendered":"http:\/\/viertuerme.de\/?page_id=19"},"modified":"2015-04-08T06:56:13","modified_gmt":"2015-04-08T06:56:13","slug":"19-mai","status":"publish","type":"page","link":"http:\/\/viertuerme.de\/?page_id=19","title":{"rendered":"19. Mai 2013"},"content":{"rendered":"<h1>19. Mai 2013 21:21 Uhr<\/h1>\n<h1><a href=\"http:\/\/viertuerme.de\/wp-content\/uploads\/City-Turm2.jpg\" target=\"_blank\"><img loading=\"lazy\" decoding=\"async\" class=\"size-medium wp-image-147 alignright\" title=\"City Kirche Wuppertal Elberfeld\" alt=\"City-Turm2\" src=\"http:\/\/viertuerme.de\/wp-content\/uploads\/City-Turm2-200x300.jpg\" width=\"200\" height=\"300\" srcset=\"http:\/\/viertuerme.de\/wp-content\/uploads\/City-Turm2-200x300.jpg 200w, http:\/\/viertuerme.de\/wp-content\/uploads\/City-Turm2.jpg 534w\" sizes=\"auto, (max-width: 200px) 100vw, 200px\" \/><\/a><\/h1>\n<p><span style=\"color: #003300;\"><strong>\u00bb Wir kehren immer zum Wasser zur\u00fcck \u00ab<\/strong><\/span><\/p>\n<p>Evangelische City Kirche<br \/>\nN 51\u00b0 15&#8242; 23.569&#8243;<br \/>\nO 07\u00b0 08&#8242; 50.233&#8243;<br \/>\nKirchplatz 2<br \/>\nWuppertal Elberfeld<\/p>\n<p><strong>Gastmusiker: Martin Zobel \/ Trompete<\/strong><\/p>\n<p><strong>CityKirche Elberfeld<\/strong>[audio:http:\/\/viertuerme.de\/wp-content\/uploads\/audio\/CityKircheLive.mp3|titles=2013 City Kirche &#8211; URSTOFF Wasser]<\/p>\n<p>TURM: Jeder Held wird auf die Dauer langweilig.<a href=\"http:\/\/viertuerme.de\/wp-content\/uploads\/CityKircheZobel.jpg\" target=\"_blank\"><img loading=\"lazy\" decoding=\"async\" class=\"alignright size-medium wp-image-146\" title=\"Martin Zobel\" alt=\"CityKircheZobel\" src=\"http:\/\/viertuerme.de\/wp-content\/uploads\/CityKircheZobel-146x300.jpg\" width=\"146\" height=\"300\" srcset=\"http:\/\/viertuerme.de\/wp-content\/uploads\/CityKircheZobel-146x300.jpg 146w, http:\/\/viertuerme.de\/wp-content\/uploads\/CityKircheZobel.jpg 390w\" sizes=\"auto, (max-width: 146px) 100vw, 146px\" \/><\/a><\/p>\n<p>MENSCH: Aber Moment mal! Menschen waren doch mal ber\u00fchrt von den Erz\u00e4hlungen von sich. Die haben mir doch mal zugeh\u00f6rt, als ich ihnen Geschichten aus meinem Leben erz\u00e4hlt habe. Das kann ich mir doch nicht alles eingebildet haben.<\/p>\n<p>TURM: Diese Interesselosigkeit wirkt nur kalt, aber die beantwortet eben nicht immer nur den Punkt, an dem wir uns das Interesse f\u00fcr den Andern erz\u00e4hlen sollen. Dieses Interesse ist ein Befehl. Ich suche aber jetzt nach dem materiellen Interesse. Nicht nach dem Wiedererkennen in dem Andern. Sondern in dem Punkt, wo es schwerf\u00e4llt, weil man sich da nun mal nicht die Gemeinsamkeiten erz\u00e4hlt. Aber da sind sie vielleicht, uneingeschr\u00e4nkt. Nur da.<\/p>\n<h1><a href=\"http:\/\/viertuerme.de\/wp-content\/uploads\/CityKircheReitz.jpg\" target=\"_blank\"><img loading=\"lazy\" decoding=\"async\" class=\"alignright size-medium wp-image-145\" alt=\"CityKircheReitz\" src=\"http:\/\/viertuerme.de\/wp-content\/uploads\/CityKircheReitz-300x200.jpg\" width=\"300\" height=\"200\" srcset=\"http:\/\/viertuerme.de\/wp-content\/uploads\/CityKircheReitz-300x200.jpg 300w, http:\/\/viertuerme.de\/wp-content\/uploads\/CityKircheReitz-449x300.jpg 449w, http:\/\/viertuerme.de\/wp-content\/uploads\/CityKircheReitz.jpg 800w\" sizes=\"auto, (max-width: 300px) 100vw, 300px\" \/><\/a><\/h1>\n<p>MENSCH: Warte doch, Du hast ein Talent, Fragen zu Deinem Vorteil zu entscheiden, bevor man \u00fcberhaupt dazu gekommen ist, \u00fcber die Sache nachzudenken.<\/p>\n<p>TURM: Es ist doch Kitsch, zu denken, jeder k\u00f6nnte geliebt werden. Das funktioniert nicht mehr. Wir brauchen andere Ber\u00fchrungen. Ber\u00fchrungen, die vielleicht nicht so warm sind, aber die vielleicht kalt genug sind, um sie der Welt als eine Form von Solidarit\u00e4t entgegenzuhalten.<\/p>\n<p>MENSCH: Halt ein! Sind wir nun da angelangt, wohin meine Gedanken schon wollten, wogegen ich mich aber bis zum Letzten gewehrt habe. \u2013 Es ist merkw\u00fcrdig, dass man das N\u00e4chstliegende zuletzt sieht und nicht glaubt, was man nicht glauben w i l l.<br \/>\n[&#8230;]<\/p>\n<p>TURM: Welch ein Abend, welch ein wunderbarer Tag! Ich werde es erst morgen fassen k\u00f6nnen, jetzt bin ich m\u00fcde, m\u00fcde, m\u00fcde\u2026Bist Du jemals gl\u00fccklich gewesen?<br \/>\nMENSCH Niemals! Ich bin doch kein Idiot! Ich muss jetzt jedenfalls gehen. Leb wohl.<\/p>\n<p>TURM: Einen Augenblick! Darf ich ein Wort sagen?<\/p>\n<p>MENSCH: Was ist?<\/p>\n<p>TURM: Tu\u00b4s nicht! Tu\u00b4s nicht!<\/p>\n<p>MENSCH: Was?<\/p>\n<p>TURM: Verlass Dich nicht auf Dich!<\/p>\n<p>MENSCH: Doch, ich verlasse mich auf mich.<\/p>\n","protected":false},"excerpt":{"rendered":"<p>19. Mai 2013 21:21 Uhr \u00bb Wir kehren immer zum Wasser zur\u00fcck \u00ab Evangelische City Kirche N 51\u00b0 15&#8242; 23.569&#8243; O 07\u00b0 08&#8242; 50.233&#8243; Kirchplatz 2 Wuppertal Elberfeld Gastmusiker: Martin Zobel \/ Trompete CityKirche Elberfeld[audio:http:\/\/viertuerme.de\/wp-content\/uploads\/audio\/CityKircheLive.mp3|titles=2013 City Kirche &#8211; URSTOFF Wasser] &hellip; <a href=\"http:\/\/viertuerme.de\/?page_id=19\">Weiterlesen <span class=\"meta-nav\">&rarr;<\/span><\/a><\/p>\n","protected":false},"author":3,"featured_media":0,"parent":245,"menu_order":0,"comment_status":"closed","ping_status":"closed","template":"","meta":{"footnotes":""},"class_list":["post-19","page","type-page","status-publish","hentry"],"_links":{"self":[{"href":"http:\/\/viertuerme.de\/index.php?rest_route=\/wp\/v2\/pages\/19","targetHints":{"allow":["GET"]}}],"collection":[{"href":"http:\/\/viertuerme.de\/index.php?rest_route=\/wp\/v2\/pages"}],"about":[{"href":"http:\/\/viertuerme.de\/index.php?rest_route=\/wp\/v2\/types\/page"}],"author":[{"embeddable":true,"href":"http:\/\/viertuerme.de\/index.php?rest_route=\/wp\/v2\/users\/3"}],"replies":[{"embeddable":true,"href":"http:\/\/viertuerme.de\/index.php?rest_route=%2Fwp%2Fv2%2Fcomments&post=19"}],"version-history":[{"count":18,"href":"http:\/\/viertuerme.de\/index.php?rest_route=\/wp\/v2\/pages\/19\/revisions"}],"predecessor-version":[{"id":192,"href":"http:\/\/viertuerme.de\/index.php?rest_route=\/wp\/v2\/pages\/19\/revisions\/192"}],"up":[{"embeddable":true,"href":"http:\/\/viertuerme.de\/index.php?rest_route=\/wp\/v2\/pages\/245"}],"wp:attachment":[{"href":"http:\/\/viertuerme.de\/index.php?rest_route=%2Fwp%2Fv2%2Fmedia&parent=19"}],"curies":[{"name":"wp","href":"https:\/\/api.w.org\/{rel}","templated":true}]}}