{"id":15,"date":"2013-04-10T07:39:29","date_gmt":"2013-04-10T07:39:29","guid":{"rendered":"http:\/\/viertuerme.de\/?page_id=15"},"modified":"2015-04-08T06:56:20","modified_gmt":"2015-04-08T06:56:20","slug":"12-mai-2013","status":"publish","type":"page","link":"http:\/\/viertuerme.de\/?page_id=15","title":{"rendered":"12. Mai 2013"},"content":{"rendered":"<h1><span style=\"color: #003300;\"><strong><a href=\"http:\/\/viertuerme.de\/wp-content\/uploads\/Antonius2013.jpg\" target=\"_blank\"><img loading=\"lazy\" decoding=\"async\" class=\"alignright size-medium wp-image-138\" alt=\"Antonius2013\" src=\"http:\/\/viertuerme.de\/wp-content\/uploads\/Antonius2013-200x300.jpg\" width=\"200\" height=\"300\" srcset=\"http:\/\/viertuerme.de\/wp-content\/uploads\/Antonius2013-200x300.jpg 200w, http:\/\/viertuerme.de\/wp-content\/uploads\/Antonius2013.jpg 534w\" sizes=\"auto, (max-width: 200px) 100vw, 200px\" \/><\/a><\/strong><\/span> 21:11 Uhr<\/h1>\n<p><span style=\"color: #003300;\"><strong>\u00a0 \u00bb Sturm l\u00e4utert die Luft \u00ab<\/strong><\/span><\/p>\n<p>St. Antonius<br \/>\nN 51\u00b0 16&#8242; 13.958&#8243;<br \/>\nO 07\u00b0 11&#8242; 44.099&#8243;<br \/>\nUnterd\u00f6rnen 137<br \/>\nWuppertal Barmen<\/p>\n<p><strong>Gastmusikerin: Hayat Chaoui \/ <\/strong><strong>Gesang<\/strong><\/p>\n<p><strong>ANTONIUS<\/strong>[audio:http:\/\/viertuerme.de\/wp-content\/uploads\/audio\/Antonius_2013_live_01.mp3|titles=2013 Antonius &#8211; URSTOFF Luft]<\/p>\n<p><span style=\"color: #003300;\"><em>Mensch :<\/em><\/span><a href=\"http:\/\/viertuerme.de\/wp-content\/uploads\/Antonius2013_2.jpg\" target=\"_blank\"><span style=\"color: #003300;\"><strong><br \/>\n<img loading=\"lazy\" decoding=\"async\" class=\"size-medium wp-image-139 alignright\" alt=\"Antonius2013_2\" src=\"http:\/\/viertuerme.de\/wp-content\/uploads\/Antonius2013_2-216x300.jpg\" width=\"216\" height=\"300\" srcset=\"http:\/\/viertuerme.de\/wp-content\/uploads\/Antonius2013_2-216x300.jpg 216w, http:\/\/viertuerme.de\/wp-content\/uploads\/Antonius2013_2.jpg 577w\" sizes=\"auto, (max-width: 216px) 100vw, 216px\" \/><\/strong><\/span><\/a><span style=\"color: #003300;\">Ich will an die F\u00fcrsorge unter uns Mitmenschen <\/span><span style=\"color: #003300;\">glauben. Aber hier drau\u00dfen ist es furchtbar einsam \u2013 und Du wei\u00dft ja selbst, was es hei\u00dft, allein in der Welt zu stehen.<\/span><\/p>\n<p><span style=\"color: #003300;\"><em>Turm<\/em> :<\/span><br \/>\n<span style=\"color: #003300;\"> Wie w\u00e4re es, wenn Du hierbleiben w\u00fcrdest,\u00a0 als Hausmeister?<\/span><br \/>\n<span style=\"color: #003300;\"> <em><br \/>\nMensch:<\/em><\/span><br \/>\n<span style=\"color: #003300;\"> Was?<\/span><\/p>\n<p><span style=\"color: #003300;\"><em>Turm<\/em> :<\/span><br \/>\n<span style=\"color: #003300;\"> Du k\u00f6nntest hier\u2026Hausmeister werden, wenn Du willst.<\/span><br \/>\n<span style=\"color: #003300;\"> <em><br \/>\nMensch<\/em> :<\/span><br \/>\n<span style=\"color: #003300;\"> Hausmeister sagst Du? Was erlaubst Du Dir! Ich bin Schauspieler.<\/span><br \/>\n<a href=\"http:\/\/viertuerme.de\/wp-content\/uploads\/Chaoui_Reitz_Antonius.jpg\" target=\"_blank\"><img loading=\"lazy\" decoding=\"async\" class=\"size-medium wp-image-140 alignnone\" alt=\"Chaoui_Reitz_Antonius\" src=\"http:\/\/viertuerme.de\/wp-content\/uploads\/Chaoui_Reitz_Antonius-300x123.jpg\" width=\"300\" height=\"123\" srcset=\"http:\/\/viertuerme.de\/wp-content\/uploads\/Chaoui_Reitz_Antonius-300x123.jpg 300w, http:\/\/viertuerme.de\/wp-content\/uploads\/Chaoui_Reitz_Antonius-500x205.jpg 500w, http:\/\/viertuerme.de\/wp-content\/uploads\/Chaoui_Reitz_Antonius.jpg 1000w\" sizes=\"auto, (max-width: 300px) 100vw, 300px\" \/><\/a><br \/>\n<span style=\"color: #003300;\"> <em>Mensch :<\/em><\/span><br \/>\n<span style=\"color: #003300;\"> Wir springen dauernd von Gehorsam zu Widerstand und wieder zur\u00fcck. Wir alle suchen vielleicht das, was unverst\u00e4ndlich geblieben ist in uns, in den anderen, aber nicht in Dir! In Dir hab ich mich erst recht nicht verstanden.<\/span><\/p>\n<p><span style=\"color: #003300;\"><em>Turm<\/em>:<\/span><br \/>\n<span style=\"color: #003300;\"> Ja, ich wei\u00df, und dieses gro\u00dfe Gef\u00fchl beeindruckt mich so, aber wir m\u00fcssen es als was radikal Neues denken. Ich wollte f\u00fcr Dich radikal sein. F\u00fcr uns beide hier etwas v\u00f6llig Neues denken. Damit das lebbar ist, was man sich nicht erz\u00e4hlen kann.<\/span><br \/>\n<span style=\"color: #003300;\"> <em><br \/>\nMensch :<\/em><\/span><br \/>\n<span style=\"color: #003300;\"> Worte sind Luft. Aber die Luft wird zum Wind und Wind macht die Schiffe segeln.<\/span><br \/>\n<span style=\"color: #003300;\"> Und doch: diese T\u00e4uschungen in der Wirklichkeit. So k\u00f6nnen wir doch nicht miteinander umgehn, wenn wir annehmen, es ist so und gleichzeitig ist es ganz anders.<\/span><\/p>\n<p><span style=\"color: #003300;\"><em>Turm<\/em>:<\/span><br \/>\n<span style=\"color: #003300;\"> Ja, ich wei\u00df. Und auf einer Theaterprobe unterhalten sich nur die Bauchredner der Elenden. Es gibt keine Sprache, die die gelebten Leben ber\u00fchren.<\/span><br \/>\n<span style=\"color: #003300;\"> <em><br \/>\nMensch :<\/em><\/span><br \/>\n<span style=\"color: #003300;\"> Deshalb bin ich so verzweifelt, ich kann diese L\u00fcgen nicht auseinanderhalten. Ich liebe Dich und ich hasse Dich gleichzeitig. Es gibt gar keinen Unterschied. Angesichts der Hoffnungslosigkeit bleibt nur die Verzweiflung.<\/span><br \/>\n<span style=\"color: #003300;\"> <em><br \/>\nTurm<\/em> :<\/span><br \/>\n<span style=\"color: #003300;\"> Ich kann T\u00fcren und Herzen \u00f6ffnen, wenn ich nur einen Arm f\u00fcr meinen Willen finde\u2026Diene mir, und Du wirst herrschen.<\/span><br \/>\n<span style=\"color: #003300;\"> <em><br \/>\nMensch :<\/em>\u00a0 Soll das ein Pakt sein? Soll ich meine Seele verkaufen?<\/span><\/p>\n<p><span style=\"color: #003300;\"><em>Turm<\/em> :<\/span><br \/>\n<span style=\"color: #003300;\"> Nichts soll verkauft werden! Sieh mal, es dr\u00e4ngt mich zu geben, zu\u00a0 g e b e n !<\/span><br \/>\n<span style=\"color: #003300;\"> Aber niemand will etwas annehmen!<\/span><\/p>\n","protected":false},"excerpt":{"rendered":"<p>21:11 Uhr \u00a0 \u00bb Sturm l\u00e4utert die Luft \u00ab St. Antonius N 51\u00b0 16&#8242; 13.958&#8243; O 07\u00b0 11&#8242; 44.099&#8243; Unterd\u00f6rnen 137 Wuppertal Barmen Gastmusikerin: Hayat Chaoui \/ Gesang ANTONIUS[audio:http:\/\/viertuerme.de\/wp-content\/uploads\/audio\/Antonius_2013_live_01.mp3|titles=2013 Antonius &#8211; URSTOFF Luft] Mensch : Ich will an die F\u00fcrsorge &hellip; <a href=\"http:\/\/viertuerme.de\/?page_id=15\">Weiterlesen <span class=\"meta-nav\">&rarr;<\/span><\/a><\/p>\n","protected":false},"author":3,"featured_media":0,"parent":245,"menu_order":0,"comment_status":"closed","ping_status":"closed","template":"","meta":{"footnotes":""},"class_list":["post-15","page","type-page","status-publish","hentry"],"_links":{"self":[{"href":"http:\/\/viertuerme.de\/index.php?rest_route=\/wp\/v2\/pages\/15","targetHints":{"allow":["GET"]}}],"collection":[{"href":"http:\/\/viertuerme.de\/index.php?rest_route=\/wp\/v2\/pages"}],"about":[{"href":"http:\/\/viertuerme.de\/index.php?rest_route=\/wp\/v2\/types\/page"}],"author":[{"embeddable":true,"href":"http:\/\/viertuerme.de\/index.php?rest_route=\/wp\/v2\/users\/3"}],"replies":[{"embeddable":true,"href":"http:\/\/viertuerme.de\/index.php?rest_route=%2Fwp%2Fv2%2Fcomments&post=15"}],"version-history":[{"count":17,"href":"http:\/\/viertuerme.de\/index.php?rest_route=\/wp\/v2\/pages\/15\/revisions"}],"predecessor-version":[{"id":189,"href":"http:\/\/viertuerme.de\/index.php?rest_route=\/wp\/v2\/pages\/15\/revisions\/189"}],"up":[{"embeddable":true,"href":"http:\/\/viertuerme.de\/index.php?rest_route=\/wp\/v2\/pages\/245"}],"wp:attachment":[{"href":"http:\/\/viertuerme.de\/index.php?rest_route=%2Fwp%2Fv2%2Fmedia&parent=15"}],"curies":[{"name":"wp","href":"https:\/\/api.w.org\/{rel}","templated":true}]}}